{"id":7603,"date":"2022-03-11T07:14:34","date_gmt":"2022-03-11T07:14:34","guid":{"rendered":"https:\/\/www.bedigitaltogether.be\/nutzungsbedingungen\/"},"modified":"2022-04-05T08:15:34","modified_gmt":"2022-04-05T08:15:34","slug":"nutzungsbedingungen","status":"publish","type":"page","link":"https:\/\/www.bedigitaltogether.be\/de\/nutzungsbedingungen\/","title":{"rendered":"Nutzungsbedingungen"},"content":{"rendered":"\t\t<div data-elementor-type=\"wp-page\" data-elementor-id=\"7603\" class=\"elementor elementor-7603 elementor-2340\" data-elementor-post-type=\"page\">\n\t\t\t\t\t\t<section class=\"elementor-section elementor-top-section elementor-element elementor-element-327afab elementor-section-boxed elementor-section-height-default elementor-section-height-default\" data-id=\"327afab\" data-element_type=\"section\">\n\t\t\t\t\t\t<div class=\"elementor-container elementor-column-gap-default\">\n\t\t\t\t\t<div class=\"elementor-column elementor-col-100 elementor-top-column elementor-element elementor-element-55fea13\" data-id=\"55fea13\" data-element_type=\"column\">\n\t\t\t<div class=\"elementor-widget-wrap elementor-element-populated\">\n\t\t\t\t\t\t<div class=\"elementor-element elementor-element-8385132 elementor-widget elementor-widget-html\" data-id=\"8385132\" data-element_type=\"widget\" data-widget_type=\"html.default\">\n\t\t\t\t<div class=\"elementor-widget-container\">\n\t\t\t\t\t<script> \r\njQuery(document).ready(function($) { \r\nvar delay = 100; setTimeout(function() { \r\n$('.elementor-widget-table-of-contents').addClass('elementor-toc--collapsed');\r\n $('.elementor-toc__body').css('display', 'none'); }, delay); \r\n}); \r\n<\/script>\t\t\t\t<\/div>\n\t\t\t\t<\/div>\n\t\t\t\t<div class=\"elementor-element elementor-element-7a34276 elementor-toc--minimized-on-tablet elementor-widget elementor-widget-table-of-contents\" data-id=\"7a34276\" data-element_type=\"widget\" data-settings=\"{&quot;headings_by_tags&quot;:[&quot;h2&quot;],&quot;exclude_headings_by_selector&quot;:[],&quot;marker_view&quot;:&quot;bullets&quot;,&quot;icon&quot;:{&quot;value&quot;:&quot;fas fa-circle&quot;,&quot;library&quot;:&quot;fa-solid&quot;},&quot;no_headings_message&quot;:&quot;Es wurden keine \\u00dcberschriften auf dieser Seite gefunden.&quot;,&quot;minimize_box&quot;:&quot;yes&quot;,&quot;minimized_on&quot;:&quot;tablet&quot;,&quot;hierarchical_view&quot;:&quot;yes&quot;,&quot;min_height&quot;:{&quot;unit&quot;:&quot;px&quot;,&quot;size&quot;:&quot;&quot;,&quot;sizes&quot;:[]},&quot;min_height_tablet&quot;:{&quot;unit&quot;:&quot;px&quot;,&quot;size&quot;:&quot;&quot;,&quot;sizes&quot;:[]},&quot;min_height_mobile&quot;:{&quot;unit&quot;:&quot;px&quot;,&quot;size&quot;:&quot;&quot;,&quot;sizes&quot;:[]}}\" data-widget_type=\"table-of-contents.default\">\n\t\t\t\t<div class=\"elementor-widget-container\">\n\t\t\t\t\t\t\t<div class=\"elementor-toc__header\">\n\t\t\t<h2 class=\"elementor-toc__header-title\">\n\t\t\t\tNutzungsbedingungen\t\t\t<\/h2>\n\t\t\t\t\t\t\t<div class=\"elementor-toc__toggle-button elementor-toc__toggle-button--expand\" role=\"button\" tabindex=\"0\" aria-controls=\"elementor-toc__7a34276\" aria-expanded=\"true\" aria-label=\"Inhaltsverzeichnis \u00f6ffnen\"><i aria-hidden=\"true\" class=\"fas fa-chevron-down\"><\/i><\/div>\n\t\t\t\t<div class=\"elementor-toc__toggle-button elementor-toc__toggle-button--collapse\" role=\"button\" tabindex=\"0\" aria-controls=\"elementor-toc__7a34276\" aria-expanded=\"true\" aria-label=\"Inhaltsverzeichnis schlie\u00dfen\"><i aria-hidden=\"true\" class=\"fas fa-chevron-up\"><\/i><\/div>\n\t\t\t\t\t<\/div>\n\t\t<div id=\"elementor-toc__7a34276\" class=\"elementor-toc__body\">\n\t\t\t<div class=\"elementor-toc__spinner-container\">\n\t\t\t\t<i class=\"elementor-toc__spinner eicon-animation-spin eicon-loading\" aria-hidden=\"true\"><\/i>\t\t\t<\/div>\n\t\t<\/div>\n\t\t\t\t\t\t<\/div>\n\t\t\t\t<\/div>\n\t\t\t\t\t<\/div>\n\t\t<\/div>\n\t\t\t\t\t<\/div>\n\t\t<\/section>\n\t\t\t\t<section class=\"elementor-section elementor-top-section elementor-element elementor-element-7e8c173 elementor-section-boxed elementor-section-height-default elementor-section-height-default\" data-id=\"7e8c173\" data-element_type=\"section\">\n\t\t\t\t\t\t<div class=\"elementor-container elementor-column-gap-default\">\n\t\t\t\t\t<div class=\"elementor-column elementor-col-100 elementor-top-column elementor-element elementor-element-1dc94dd3\" data-id=\"1dc94dd3\" data-element_type=\"column\">\n\t\t\t<div class=\"elementor-widget-wrap elementor-element-populated\">\n\t\t\t\t\t\t<div class=\"elementor-element elementor-element-63ede25 elementor-widget elementor-widget-text-editor\" data-id=\"63ede25\" data-element_type=\"widget\" data-widget_type=\"text-editor.default\">\n\t\t\t\t<div class=\"elementor-widget-container\">\n\t\t\t\t\t\t\t\t\tDie Informationen auf dieser Website werden vom F\u00f6deralen \u00d6ffentlichen Dienst Wirtschaft, K.M.B., Mittelstand und Energie (F\u00d6D Wirtschaft) zur Verf\u00fcgung gestellt.\r\n\r\nDer Zugriff auf die auf dieser Website enthaltenen Informationen ist kostenlos, setzt jedoch die Kenntnisnahme und die Annahme der unten aufgef\u00fchrten Bedingungen voraus.\t\t\t\t\t\t\t\t<\/div>\n\t\t\t\t<\/div>\n\t\t\t\t<div class=\"elementor-element elementor-element-10f9111 elementor-widget elementor-widget-heading\" data-id=\"10f9111\" data-element_type=\"widget\" data-widget_type=\"heading.default\">\n\t\t\t\t<div class=\"elementor-widget-container\">\n\t\t\t\t\t<h2 class=\"elementor-heading-title elementor-size-default\">Privatsph\u00e4re<\/h2>\t\t\t\t<\/div>\n\t\t\t\t<\/div>\n\t\t\t\t<div class=\"elementor-element elementor-element-b854fc4 elementor-widget elementor-widget-text-editor\" data-id=\"b854fc4\" data-element_type=\"widget\" data-widget_type=\"text-editor.default\">\n\t\t\t\t<div class=\"elementor-widget-container\">\n\t\t\t\t\t\t\t\t\tDie Datenschutzpolitik des F\u00d6D Wirtschaft ist \u00fcber die\u00a0<a href=\"https:\/\/economie.fgov.be\/de\/vertraulichkeitserklaerung\" data-entity-substitution=\"canonical\" data-entity-type=\"node\" data-entity-uuid=\"cf9564ea-1735-46c7-b535-c926fec6f753\">Datenschutzerkl\u00e4rung<\/a>\u00a0zug\u00e4nglich.\t\t\t\t\t\t\t\t<\/div>\n\t\t\t\t<\/div>\n\t\t\t\t<div class=\"elementor-element elementor-element-0168a52 elementor-widget elementor-widget-heading\" data-id=\"0168a52\" data-element_type=\"widget\" data-widget_type=\"heading.default\">\n\t\t\t\t<div class=\"elementor-widget-container\">\n\t\t\t\t\t<h2 class=\"elementor-heading-title elementor-size-default\">Verwendung von auf der Website angef\u00fchrten Informationen<\/h2>\t\t\t\t<\/div>\n\t\t\t\t<\/div>\n\t\t\t\t<div class=\"elementor-element elementor-element-5823bde elementor-widget elementor-widget-text-editor\" data-id=\"5823bde\" data-element_type=\"widget\" data-widget_type=\"text-editor.default\">\n\t\t\t\t<div class=\"elementor-widget-container\">\n\t\t\t\t\t\t\t\t\t<p style=\"font-weight: 400;\">Der Umfang der Informationen auf dieser Website oder anderen Websites und Anwendungen des F\u00d6D Wirtschaft ist allgemeiner Natur.<\/p>\r\n<p style=\"font-weight: 400;\">Die Informationen sind nicht an pers\u00f6nliche oder spezifische Umst\u00e4nde angepasst und k\u00f6nnen daher nicht als pers\u00f6nliche, professionelle oder rechtliche Beratung f\u00fcr den Benutzer angesehen werden. Wenn Sie eine pers\u00f6nliche oder spezifische Beratung ben\u00f6tigen, sollten Sie sich immer an die zust\u00e4ndigen Dienststellen unseres F\u00d6D wenden.<\/p>\r\n<p style=\"font-weight: 400;\">Nur die im \u201eAmtsblatt der Europ\u00e4ischen Union\u201c ver\u00f6ffentlichten europ\u00e4ischen Rechtsvorschriften und die im \u201eBelgischen Staatsanzeiger&#8220; ver\u00f6ffentlichten belgischen Rechtsvorschriften sind verbindlich.<\/p>\r\n<p style=\"font-weight: 400;\">Der F\u00d6D Wirtschaft ist bem\u00fcht, vollst\u00e4ndige, richtige und aktuelle Informationen zur Verf\u00fcgung zu stellen. Die auf dieser Website enthaltenen Informationen k\u00f6nnen jedoch unbeabsichtigt unvollst\u00e4ndig und \/ oder falsch sein. Sollten die bereitgestellten Informationen Fehler enthalten, nicht mehr verf\u00fcgbar oder aktualisiert sein, werden wir alles tun, um die Situation so schnell wie m\u00f6glich zu beheben.\u00a0<a href=\"mailto:webmaster@economie.fgov.be?subject=Fehler%20auf%20Ihre%20Webseite\" data-extlink=\"\">Fehler k\u00f6nnen uns selbstverst\u00e4ndlich gemeldet werden<\/a><\/p>\r\n<p style=\"font-weight: 400;\">Der F\u00d6D Wirtschaft kann nicht f\u00fcr direkte oder indirekte Sch\u00e4den haftbar gemacht werden, die durch die Konsultation oder die Nutzung der Inhalte dieser Website und Anwendungen verursacht wurden.<\/p>\r\n<p style=\"font-weight: 400;\">Der Inhalt der Website (einschlie\u00dflich Hyperlinks) kann jederzeit ohne vorherige Ank\u00fcndigung oder Kommunikation angepasst, ge\u00e4ndert oder erg\u00e4nzt werden.<\/p>\t\t\t\t\t\t\t\t<\/div>\n\t\t\t\t<\/div>\n\t\t\t\t<div class=\"elementor-element elementor-element-bb4cb76 elementor-widget elementor-widget-heading\" data-id=\"bb4cb76\" data-element_type=\"widget\" data-widget_type=\"heading.default\">\n\t\t\t\t<div class=\"elementor-widget-container\">\n\t\t\t\t\t<h2 class=\"elementor-heading-title elementor-size-default\">Verweise und Links zu anderen Websites<\/h2>\t\t\t\t<\/div>\n\t\t\t\t<\/div>\n\t\t\t\t<div class=\"elementor-element elementor-element-569d802 elementor-widget elementor-widget-text-editor\" data-id=\"569d802\" data-element_type=\"widget\" data-widget_type=\"text-editor.default\">\n\t\t\t\t<div class=\"elementor-widget-container\">\n\t\t\t\t\t\t\t\t\tDiese Website kann Links zu von Dritten ver\u00f6ffentlichten Websites und \/ oder Seiten enthalten. Der F\u00d6D Wirtschaft haftet nicht f\u00fcr Sch\u00e4den, die aus der Nutzung der auf diesen Seiten und \/ oder Seiten Dritter enthaltenen Informationen entstehen. Der F\u00d6D Wirtschaft haftet weder f\u00fcr Folgen, die sich aus dem Besuch, der Konsultation und \/ oder der Nutzung solcher Websites ergeben, noch f\u00fcr den Inhalt oder die Datenschutzrichtlinie, die Teil einer Website sind, zu der ein Link der Website des F\u00d6D Wirtschaft verweisen w\u00fcrde. Dar\u00fcber hinaus sind keine Rechte mit Informationen Dritter verkn\u00fcpft.\r\n\r\nDie Einrichtung von Hyperlinks zu einer oder mehreren anderen Websites, einschlie\u00dflich der auf diesen Websites eingerichteten Links, bedeutet in keiner Weise, dass eine Verbindung, Partnerschaft, Zugeh\u00f6rigkeit oder Genehmigung irgendeiner Art mit den Einrichtungen besteht, die diese Websites anbieten.\r\n\r\nSobald dem F\u00d6D Wirtschaft auf einer Website, auf die ein Link der F\u00d6D-Website verweist, rechtswidrige oder zweckfremde Inhalte erkennbar werden, wird der Hyperlink von der Website entfernt, ohne dass dies zu irgendeiner Verantwortung des F\u00d6D Wirtschaft f\u00fcr den Zeitraum f\u00fchrt, in dem der Hyperlink auf der F\u00d6D-Website stand.\t\t\t\t\t\t\t\t<\/div>\n\t\t\t\t<\/div>\n\t\t\t\t<div class=\"elementor-element elementor-element-e47207a elementor-widget elementor-widget-heading\" data-id=\"e47207a\" data-element_type=\"widget\" data-widget_type=\"heading.default\">\n\t\t\t\t<div class=\"elementor-widget-container\">\n\t\t\t\t\t<h2 class=\"elementor-heading-title elementor-size-default\">Copyright (licence Creative Commons-0)<\/h2>\t\t\t\t<\/div>\n\t\t\t\t<\/div>\n\t\t\t\t<div class=\"elementor-element elementor-element-83b3029 elementor-widget elementor-widget-text-editor\" data-id=\"83b3029\" data-element_type=\"widget\" data-widget_type=\"text-editor.default\">\n\t\t\t\t<div class=\"elementor-widget-container\">\n\t\t\t\t\t\t\t\t\tDie auf dieser Website ver\u00f6ffentlichten Informationen sind frei von Rechten, sofern nicht anders angegeben. Sie k\u00f6nnen f\u00fcr private, assoziative, wissenschaftliche und kommerzielle Zwecke uneingeschr\u00e4nkt wiederverwendet werden. Der F\u00d6D Wirtschaft empfiehlt jedoch, die Quelle und das Datum der wiederverwendeten Informationen anzugeben.\r\n\r\nWenn eine vorherige Genehmigung erforderlich ist oder wenn besondere Bedingungen erforderlich sind, werden die Grenzen der Wiederverwendung ausdr\u00fccklich erw\u00e4hnt. Die Wiederverwendung von Multimediamaterial (Fotos, Bilder, Sounds, Videos,\u00a0&#8230;), einschlie\u00dflich derjenigen, die in herunterladbaren Dokumenten (Brosch\u00fcren,\u00a0&#8230;) enthalten sind, bedarf immer der vorherigen Genehmigung.\t\t\t\t\t\t\t\t<\/div>\n\t\t\t\t<\/div>\n\t\t\t\t\t<\/div>\n\t\t<\/div>\n\t\t\t\t\t<\/div>\n\t\t<\/section>\n\t\t\t\t<\/div>\n\t\t","protected":false},"excerpt":{"rendered":"<p>Nutzungsbedingungen Die Informationen auf dieser Website werden vom F\u00f6deralen \u00d6ffentlichen Dienst Wirtschaft, K.M.B., Mittelstand und Energie (F\u00d6D Wirtschaft) zur Verf\u00fcgung gestellt. Der Zugriff auf die auf dieser Website enthaltenen Informationen ist kostenlos, setzt jedoch die Kenntnisnahme und die Annahme der unten aufgef\u00fchrten Bedingungen voraus. Privatsph\u00e4re Die Datenschutzpolitik des F\u00d6D Wirtschaft ist \u00fcber die\u00a0Datenschutzerkl\u00e4rung\u00a0zug\u00e4nglich. Verwendung von [&hellip;]<\/p>\n","protected":false},"author":1,"featured_media":0,"parent":0,"menu_order":0,"comment_status":"closed","ping_status":"closed","template":"","meta":{"_acf_changed":false,"footnotes":""},"class_list":["post-7603","page","type-page","status-publish","hentry"],"acf":[],"yoast_head":"<!-- This site is optimized with the Yoast SEO plugin v27.5 - https:\/\/yoast.com\/product\/yoast-seo-wordpress\/ -->\n<title>Nutzungsbedingungen - BeDigitalTogether - Be Digital Together<\/title>\n<meta name=\"robots\" content=\"index, follow, max-snippet:-1, max-image-preview:large, max-video-preview:-1\" \/>\n<link rel=\"canonical\" href=\"https:\/\/www.bedigitaltogether.be\/de\/\" \/>\n<meta property=\"og:locale\" content=\"de_DE\" \/>\n<meta property=\"og:type\" content=\"article\" \/>\n<meta property=\"og:title\" content=\"Nutzungsbedingungen - BeDigitalTogether - Be Digital Together\" \/>\n<meta property=\"og:description\" content=\"Nutzungsbedingungen Die Informationen auf dieser Website werden vom F\u00f6deralen \u00d6ffentlichen Dienst Wirtschaft, K.M.B., Mittelstand und Energie (F\u00d6D Wirtschaft) zur Verf\u00fcgung gestellt. Der Zugriff auf die auf dieser Website enthaltenen Informationen ist kostenlos, setzt jedoch die Kenntnisnahme und die Annahme der unten aufgef\u00fchrten Bedingungen voraus. Privatsph\u00e4re Die Datenschutzpolitik des F\u00d6D Wirtschaft ist \u00fcber die\u00a0Datenschutzerkl\u00e4rung\u00a0zug\u00e4nglich. Verwendung von [&hellip;]\" \/>\n<meta property=\"og:url\" content=\"https:\/\/www.bedigitaltogether.be\/de\/\" \/>\n<meta property=\"og:site_name\" content=\"BeDigitalTogether\" \/>\n<meta property=\"article:modified_time\" content=\"2022-04-05T08:15:34+00:00\" \/>\n<meta name=\"twitter:card\" content=\"summary_large_image\" \/>\n<meta name=\"twitter:label1\" content=\"Gesch\u00e4tzte Lesezeit\" \/>\n\t<meta name=\"twitter:data1\" content=\"3\u00a0Minuten\" \/>\n<script type=\"application\/ld+json\" class=\"yoast-schema-graph\">{\"@context\":\"https:\\\/\\\/schema.org\",\"@graph\":[{\"@type\":\"WebPage\",\"@id\":\"https:\\\/\\\/www.bedigitaltogether.be\\\/de\\\/nutzungsbedingungen\\\/\",\"url\":\"https:\\\/\\\/www.bedigitaltogether.be\\\/de\\\/nutzungsbedingungen\\\/\",\"name\":\"Nutzungsbedingungen - BeDigitalTogether - Be Digital Together\",\"isPartOf\":{\"@id\":\"https:\\\/\\\/www.bedigitaltogether.be\\\/de\\\/#website\"},\"datePublished\":\"2022-03-11T07:14:34+00:00\",\"dateModified\":\"2022-04-05T08:15:34+00:00\",\"breadcrumb\":{\"@id\":\"https:\\\/\\\/www.bedigitaltogether.be\\\/de\\\/nutzungsbedingungen\\\/#breadcrumb\"},\"inLanguage\":\"de\",\"potentialAction\":[{\"@type\":\"ReadAction\",\"target\":[\"https:\\\/\\\/www.bedigitaltogether.be\\\/de\\\/nutzungsbedingungen\\\/\"]}]},{\"@type\":\"BreadcrumbList\",\"@id\":\"https:\\\/\\\/www.bedigitaltogether.be\\\/de\\\/nutzungsbedingungen\\\/#breadcrumb\",\"itemListElement\":[{\"@type\":\"ListItem\",\"position\":1,\"name\":\"Zuhause\",\"item\":\"https:\\\/\\\/www.bedigitaltogether.be\\\/de\\\/\"},{\"@type\":\"ListItem\",\"position\":2,\"name\":\"Nutzungsbedingungen\"}]},{\"@type\":\"WebSite\",\"@id\":\"https:\\\/\\\/www.bedigitaltogether.be\\\/de\\\/#website\",\"url\":\"https:\\\/\\\/www.bedigitaltogether.be\\\/de\\\/\",\"name\":\"BeDigitalTogether\",\"description\":\"\",\"potentialAction\":[{\"@type\":\"SearchAction\",\"target\":{\"@type\":\"EntryPoint\",\"urlTemplate\":\"https:\\\/\\\/www.bedigitaltogether.be\\\/de\\\/?s={search_term_string}\"},\"query-input\":{\"@type\":\"PropertyValueSpecification\",\"valueRequired\":true,\"valueName\":\"search_term_string\"}}],\"inLanguage\":\"de\"}]}<\/script>\n<!-- \/ Yoast SEO plugin. -->","yoast_head_json":{"title":"Nutzungsbedingungen - BeDigitalTogether - Be Digital Together","robots":{"index":"index","follow":"follow","max-snippet":"max-snippet:-1","max-image-preview":"max-image-preview:large","max-video-preview":"max-video-preview:-1"},"canonical":"https:\/\/www.bedigitaltogether.be\/de\/","og_locale":"de_DE","og_type":"article","og_title":"Nutzungsbedingungen - BeDigitalTogether - Be Digital Together","og_description":"Nutzungsbedingungen Die Informationen auf dieser Website werden vom F\u00f6deralen \u00d6ffentlichen Dienst Wirtschaft, K.M.B., Mittelstand und Energie (F\u00d6D Wirtschaft) zur Verf\u00fcgung gestellt. Der Zugriff auf die auf dieser Website enthaltenen Informationen ist kostenlos, setzt jedoch die Kenntnisnahme und die Annahme der unten aufgef\u00fchrten Bedingungen voraus. Privatsph\u00e4re Die Datenschutzpolitik des F\u00d6D Wirtschaft ist \u00fcber die\u00a0Datenschutzerkl\u00e4rung\u00a0zug\u00e4nglich. Verwendung von [&hellip;]","og_url":"https:\/\/www.bedigitaltogether.be\/de\/","og_site_name":"BeDigitalTogether","article_modified_time":"2022-04-05T08:15:34+00:00","twitter_card":"summary_large_image","twitter_misc":{"Gesch\u00e4tzte Lesezeit":"3\u00a0Minuten"},"schema":{"@context":"https:\/\/schema.org","@graph":[{"@type":"WebPage","@id":"https:\/\/www.bedigitaltogether.be\/de\/nutzungsbedingungen\/","url":"https:\/\/www.bedigitaltogether.be\/de\/nutzungsbedingungen\/","name":"Nutzungsbedingungen - BeDigitalTogether - Be Digital Together","isPartOf":{"@id":"https:\/\/www.bedigitaltogether.be\/de\/#website"},"datePublished":"2022-03-11T07:14:34+00:00","dateModified":"2022-04-05T08:15:34+00:00","breadcrumb":{"@id":"https:\/\/www.bedigitaltogether.be\/de\/nutzungsbedingungen\/#breadcrumb"},"inLanguage":"de","potentialAction":[{"@type":"ReadAction","target":["https:\/\/www.bedigitaltogether.be\/de\/nutzungsbedingungen\/"]}]},{"@type":"BreadcrumbList","@id":"https:\/\/www.bedigitaltogether.be\/de\/nutzungsbedingungen\/#breadcrumb","itemListElement":[{"@type":"ListItem","position":1,"name":"Zuhause","item":"https:\/\/www.bedigitaltogether.be\/de\/"},{"@type":"ListItem","position":2,"name":"Nutzungsbedingungen"}]},{"@type":"WebSite","@id":"https:\/\/www.bedigitaltogether.be\/de\/#website","url":"https:\/\/www.bedigitaltogether.be\/de\/","name":"BeDigitalTogether","description":"","potentialAction":[{"@type":"SearchAction","target":{"@type":"EntryPoint","urlTemplate":"https:\/\/www.bedigitaltogether.be\/de\/?s={search_term_string}"},"query-input":{"@type":"PropertyValueSpecification","valueRequired":true,"valueName":"search_term_string"}}],"inLanguage":"de"}]}},"_links":{"self":[{"href":"https:\/\/www.bedigitaltogether.be\/de\/wp-json\/wp\/v2\/pages\/7603","targetHints":{"allow":["GET"]}}],"collection":[{"href":"https:\/\/www.bedigitaltogether.be\/de\/wp-json\/wp\/v2\/pages"}],"about":[{"href":"https:\/\/www.bedigitaltogether.be\/de\/wp-json\/wp\/v2\/types\/page"}],"author":[{"embeddable":true,"href":"https:\/\/www.bedigitaltogether.be\/de\/wp-json\/wp\/v2\/users\/1"}],"replies":[{"embeddable":true,"href":"https:\/\/www.bedigitaltogether.be\/de\/wp-json\/wp\/v2\/comments?post=7603"}],"version-history":[{"count":1,"href":"https:\/\/www.bedigitaltogether.be\/de\/wp-json\/wp\/v2\/pages\/7603\/revisions"}],"predecessor-version":[{"id":7604,"href":"https:\/\/www.bedigitaltogether.be\/de\/wp-json\/wp\/v2\/pages\/7603\/revisions\/7604"}],"wp:attachment":[{"href":"https:\/\/www.bedigitaltogether.be\/de\/wp-json\/wp\/v2\/media?parent=7603"}],"curies":[{"name":"wp","href":"https:\/\/api.w.org\/{rel}","templated":true}]}}